{"id":789,"date":"2022-06-01T18:16:50","date_gmt":"2022-06-01T18:16:50","guid":{"rendered":"https:\/\/prcfutaleufu.cl\/?page_id=789"},"modified":"2022-06-02T09:21:36","modified_gmt":"2022-06-02T09:21:36","slug":"concejales-de-futaleufu-recibieron-alternativa-de-imagen-objetivo-para-el-plan-regulador-comunal","status":"publish","type":"page","link":"https:\/\/prcfutaleufu.cl\/en\/concejales-de-futaleufu-recibieron-alternativa-de-imagen-objetivo-para-el-plan-regulador-comunal\/","title":{"rendered":"Concejales de Futaleuf\u00fa recibieron alternativa de Imagen Objetivo para el Plan Regulador Comunal"},"content":{"rendered":"<p>&nbsp;<\/p>\n<p><img decoding=\"async\" class=\"alignnone size-full wp-image-791\" src=\"https:\/\/prcfutaleufu.cl\/wp-content\/uploads\/2022\/06\/WhatsApp-Image-2022-06-01-at-1.50.39-PM-e1654107137338.jpeg\" alt=\"\" width=\"1420\" height=\"704\" srcset=\"https:\/\/prcfutaleufu.cl\/wp-content\/uploads\/2022\/06\/WhatsApp-Image-2022-06-01-at-1.50.39-PM-e1654107137338-18x9.jpeg 18w, https:\/\/prcfutaleufu.cl\/wp-content\/uploads\/2022\/06\/WhatsApp-Image-2022-06-01-at-1.50.39-PM-e1654107137338-200x99.jpeg 200w, https:\/\/prcfutaleufu.cl\/wp-content\/uploads\/2022\/06\/WhatsApp-Image-2022-06-01-at-1.50.39-PM-e1654107137338-300x149.jpeg 300w, https:\/\/prcfutaleufu.cl\/wp-content\/uploads\/2022\/06\/WhatsApp-Image-2022-06-01-at-1.50.39-PM-e1654107137338-400x198.jpeg 400w, https:\/\/prcfutaleufu.cl\/wp-content\/uploads\/2022\/06\/WhatsApp-Image-2022-06-01-at-1.50.39-PM-e1654107137338-600x297.jpeg 600w, https:\/\/prcfutaleufu.cl\/wp-content\/uploads\/2022\/06\/WhatsApp-Image-2022-06-01-at-1.50.39-PM-e1654107137338-768x381.jpeg 768w, https:\/\/prcfutaleufu.cl\/wp-content\/uploads\/2022\/06\/WhatsApp-Image-2022-06-01-at-1.50.39-PM-e1654107137338-800x397.jpeg 800w, https:\/\/prcfutaleufu.cl\/wp-content\/uploads\/2022\/06\/WhatsApp-Image-2022-06-01-at-1.50.39-PM-e1654107137338-1024x508.jpeg 1024w, https:\/\/prcfutaleufu.cl\/wp-content\/uploads\/2022\/06\/WhatsApp-Image-2022-06-01-at-1.50.39-PM-e1654107137338-1200x595.jpeg 1200w, https:\/\/prcfutaleufu.cl\/wp-content\/uploads\/2022\/06\/WhatsApp-Image-2022-06-01-at-1.50.39-PM-e1654107137338.jpeg 1420w\" sizes=\"(max-width: 1420px) 100vw, 1420px\" \/><\/p>\n<p>&nbsp;<\/p>\n<p>&nbsp;<\/p>\n<ul>\n<li><strong><em>El Concejo municipal tiene 15 d\u00edas para pronunciarse sobre el avance que luego ser\u00e1 expuesto a las sugerencias de la comunidad.<\/em><\/strong><\/li>\n<\/ul>\n<p style=\"text-align: justify;\">FUTALEUF\u00da, mayo 31.- Un nuevo paso en el camino hacia un Plan Regulador Comunal (PRC) para Futaleuf\u00fa, se dio este martes 31 de mayo,\u00a0 luego que el Concejo municipal recibiera de la consultora Coreal SpA, la propuesta sugerida para el desarrollo del PRC que determinar\u00e1 el l\u00edmite urbano de la comuna.<\/p>\n<p style=\"text-align: justify;\">Durante sesi\u00f3n ordinaria del Concejo registrada en la Casa de la Cultura de la comuna, el equipo t\u00e9cnico de Coreal, liderado por su jefe de Proyecto, Rodrigo Urz\u00faa, entreg\u00f3 a los concejales que encabeza el alcalde Alejandro Avello, un breve resumen de los avances del proyecto y la alternativa sugerida para el desarrollo del PRC.<\/p>\n<p style=\"text-align: justify;\">Dicha propuesta, obedece a las sugerencias levantadas en los m\u00e1s de 23 talleres realizados con la comunidad y los 210 asistentes que se sumaron con sus opiniones en tres jornadas de Participaciones Activas Ciudadanas (PAC) realizadas durante 2021. A ellas se sumaron los aspectos t\u00e9cnicos analizados por la consultora sobre los factores cr\u00edticos de decisi\u00f3n para el desarrollo de la propuesta.<\/p>\n<p style=\"text-align: justify;\">Sobre este avance, los representantes de la comunidad en su conjunto deber\u00e1n pronunciarse sobre la aprobaci\u00f3n de la propuesta para lo que cuentan con 15 d\u00edas corridos desde la fecha de la mencionada exposici\u00f3n. Luego de aprobada, dicha alternativa sugerida pasar\u00e1 a ser expuesta p\u00fablicamente para que sea conocida por la comunidad de Futaleuf\u00fa y se reciban eventuales comentarios y sugerencias sobre el proyecto<\/p>\n<p style=\"text-align: justify;\">Una vez realizado este proceso, el Concejo nuevamente deber\u00e1 revisar las eventuales modificaciones solicitadas por los habitantes de la comuna y p0ronunciarse nuevamente para avanzar a la siguiente etapa de desarrollo del proyecto.<\/p>\n<p style=\"text-align: justify;\">Toda la informaci\u00f3n y detalles del Plan Regulador Comunal de Futaleuf\u00fa se pueden encontrar en www.prcfutaleufu.cl<\/p>\n<p style=\"text-align: center;\"><iframe style=\"border: none; overflow: hidden;\" src=\"https:\/\/www.facebook.com\/plugins\/video.php?height=314&amp;href=https%3A%2F%2Fweb.facebook.com%2Fmunifutaleufu2021%2Fvideos%2F1376437732867163%2F&amp;show_text=false&amp;width=560&amp;t=5047\" width=\"560\" height=\"314\" frameborder=\"0\" scrolling=\"no\" allowfullscreen=\"allowfullscreen\"><\/iframe><\/p>","protected":false},"excerpt":{"rendered":"<p>&nbsp; &nbsp; &nbsp; El Concejo municipal tiene 15 d\u00edas para [&hellip;]<\/p>\n","protected":false},"author":1,"featured_media":0,"parent":0,"menu_order":0,"comment_status":"closed","ping_status":"closed","template":"","meta":{"footnotes":""},"class_list":["post-789","page","type-page","status-publish","hentry"],"_links":{"self":[{"href":"https:\/\/prcfutaleufu.cl\/en\/wp-json\/wp\/v2\/pages\/789","targetHints":{"allow":["GET"]}}],"collection":[{"href":"https:\/\/prcfutaleufu.cl\/en\/wp-json\/wp\/v2\/pages"}],"about":[{"href":"https:\/\/prcfutaleufu.cl\/en\/wp-json\/wp\/v2\/types\/page"}],"author":[{"embeddable":true,"href":"https:\/\/prcfutaleufu.cl\/en\/wp-json\/wp\/v2\/users\/1"}],"replies":[{"embeddable":true,"href":"https:\/\/prcfutaleufu.cl\/en\/wp-json\/wp\/v2\/comments?post=789"}],"version-history":[{"count":6,"href":"https:\/\/prcfutaleufu.cl\/en\/wp-json\/wp\/v2\/pages\/789\/revisions"}],"predecessor-version":[{"id":802,"href":"https:\/\/prcfutaleufu.cl\/en\/wp-json\/wp\/v2\/pages\/789\/revisions\/802"}],"wp:attachment":[{"href":"https:\/\/prcfutaleufu.cl\/en\/wp-json\/wp\/v2\/media?parent=789"}],"curies":[{"name":"wp","href":"https:\/\/api.w.org\/{rel}","templated":true}]}}