{"id":444,"date":"2021-11-24T08:09:35","date_gmt":"2021-11-24T08:09:35","guid":{"rendered":"https:\/\/prcfutaleufu.cl\/?page_id=444"},"modified":"2021-11-25T14:25:37","modified_gmt":"2021-11-25T14:25:37","slug":"listas-las-fechas-para-la-tercera-jornada-de-participacion-ciudadana-del-plan-regulador-comunal-de-futaleufu","status":"publish","type":"page","link":"https:\/\/prcfutaleufu.cl\/en\/listas-las-fechas-para-la-tercera-jornada-de-participacion-ciudadana-del-plan-regulador-comunal-de-futaleufu\/","title":{"rendered":"Listas las fechas para la Tercera Jornada de Participaci\u00f3n Ciudadana del Plan Regulador Comunal de Futaleuf\u00fa"},"content":{"rendered":"<div class=\"fusion-fullwidth fullwidth-box fusion-builder-row-1 fusion-flex-container nonhundred-percent-fullwidth non-hundred-percent-height-scrolling\" style=\"background-color: rgba(255,255,255,0);background-position: center center;background-repeat: no-repeat;border-width: 0px 0px 0px 0px;border-color:#e2e2e2;border-style:solid;\" ><div class=\"fusion-builder-row fusion-row fusion-flex-align-items-flex-start\" style=\"max-width:1248px;margin-left: calc(-4% \/ 2 );margin-right: calc(-4% \/ 2 );\"><div class=\"fusion-layout-column fusion_builder_column fusion-builder-column-0 fusion_builder_column_1_1 1_1 fusion-flex-column\"><div class=\"fusion-column-wrapper fusion-flex-justify-content-flex-start fusion-content-layout-column\" style=\"background-position:left top;background-repeat:no-repeat;-webkit-background-size:cover;-moz-background-size:cover;-o-background-size:cover;background-size:cover;padding: 0px 0px 0px 0px;\"><div class=\"fusion-text fusion-text-1\"><h2>Listas las fechas para la Tercera Jornada de Participaci\u00f3n Ciudadana del Plan Regulador Comunal de Futaleuf\u00fa<\/h2>\n<\/div><div class=\"fusion-separator\" style=\"align-self: flex-start;margin-right:auto;margin-bottom:40px;width:100%;max-width:50%;\"><div class=\"fusion-separator-border sep-single sep-solid\" style=\"border-color:#6ec1e4;border-top-width:2px;\"><\/div><\/div><div style=\"text-align:center;\"><span class=\"fusion-imageframe imageframe-glow imageframe-1 hover-type-none\" style=\"-webkit-box-shadow: 0 0 3px rgba(0,0,0,0.3);box-shadow: 0 0 3px rgba(0,0,0,0.3);\"><img decoding=\"async\" width=\"1024\" height=\"643\" title=\"FLAYER 4_TALLERES\" src=\"https:\/\/prcfutaleufu.cl\/wp-content\/uploads\/2021\/11\/FLAYER-4_TALLERES-1024x643.jpg\" class=\"img-responsive wp-image-454\" srcset=\"https:\/\/prcfutaleufu.cl\/wp-content\/uploads\/2021\/11\/FLAYER-4_TALLERES-200x126.jpg 200w, https:\/\/prcfutaleufu.cl\/wp-content\/uploads\/2021\/11\/FLAYER-4_TALLERES-400x251.jpg 400w, https:\/\/prcfutaleufu.cl\/wp-content\/uploads\/2021\/11\/FLAYER-4_TALLERES-600x377.jpg 600w, https:\/\/prcfutaleufu.cl\/wp-content\/uploads\/2021\/11\/FLAYER-4_TALLERES-800x502.jpg 800w, https:\/\/prcfutaleufu.cl\/wp-content\/uploads\/2021\/11\/FLAYER-4_TALLERES-1200x754.jpg 1200w\" sizes=\"(max-width: 640px) 100vw, 1200px\" \/><\/span><\/div><div class=\"fusion-separator\" style=\"align-self: flex-start;margin-right:auto;margin-bottom:40px;width:100%;max-width:50%;\"><\/div><div class=\"fusion-text fusion-text-2\"><p>FUTALEUF\u00da, noviembre 2021.- Todo dispuesto se encuentra en Futaleuf\u00fa para la realizaci\u00f3n de las nuevas jornadas de participaci\u00f3n ciudadana que forman parte del proyecto que busca definir un Plan Regulador Comunal para sus habitantes.<\/p>\n<p>Desde el 30 de noviembre y hasta el 3 de diciembre inclusive, se llevar\u00e1n a cabo talleres en los que diversos actores: vecinos de la comuna, organismos p\u00fablicos, funcionarios municipales, adultos mayores, organismos privados, entre otros, se dar\u00e1n cita en reuniones previamente coordinadas para entregar su mirada sobre el presente y futuro de la comuna.<\/p>\n<p>Esta actividad, que se desarrolla en conjunto por el municipio y la empresa consultora COREAL DESARROLLOS TECNOL\u00d3GICOS SPA, tiene como objetivo continuar con el desarrollo y dise\u00f1o del proyecto, que ya se encuentra en la fase de Imagen Objetivo.<\/p>\n<p>As\u00ed, en esta fase se conversar\u00e1 con los miembros de la comunidad sobre c\u00f3mo les gustar\u00eda que fuese la comuna, su ordenamiento y lo que esperan en cuanto a desarrollo urbano.<\/p>\n<p>Cabe recordar, que el estudio del plan regulador comunal afecta principalmente las \u00e1reas dentro del l\u00edmite urbano y persigue regular el ordenamiento territorial de las diversas actividades futuras de Futaleuf\u00fa. Por tanto, para llevar adelante este estudio la participaci\u00f3n ciudadana es fundamental.<\/p>\n<p>Si bien la consultora y la municipalidad pretenden contar la mayor cantidad de participantes jornada de talleres, es importante recordar que ello depender\u00e1 de los aforos dispuestos por la autoridad sanitaria para a la asistencia presencial a recintos p\u00fablicos.<\/p>\n<p>Si quieres participar te invitamos a escribirnos al correo prcfutaleufu@coreal.cl indic\u00e1ndonos tu nombre completo, RUT, tel\u00e9fono de contacto y correo electr\u00f3nico. Si quieres saber m\u00e1s sobre el plan regulador de la comuna puedes ingresar a nuestra p\u00e1gina www.planreguladorfutaleufu.cl donde tambi\u00e9n puedes opinar y aportar.<\/p>\n<\/div><div class=\"fusion-separator\" style=\"align-self: flex-start;margin-right:auto;margin-bottom:40px;width:100%;max-width:50%;\"><\/div><\/div><style type=\"text\/css\">.fusion-body .fusion-builder-column-0{width:100% !important;margin-top : 0px;margin-bottom : 0px;}.fusion-builder-column-0 > .fusion-column-wrapper {padding-top : 0px !important;padding-right : 0px !important;margin-right : 1.92%;padding-bottom : 0px !important;padding-left : 0px !important;margin-left : 1.92%;}@media only screen and (max-width:1024px) {.fusion-body .fusion-builder-column-0{width:100% !important;order : 0;}.fusion-builder-column-0 > .fusion-column-wrapper {margin-right : 1.92%;margin-left : 1.92%;}}@media only screen and (max-width:640px) {.fusion-body .fusion-builder-column-0{width:100% !important;order : 0;}.fusion-builder-column-0 > .fusion-column-wrapper {margin-right : 1.92%;margin-left : 1.92%;}}<\/style><\/div><\/div><style type=\"text\/css\">.fusion-body .fusion-flex-container.fusion-builder-row-1{ padding-top : 0px;margin-top : 0px;padding-right : 0px;padding-bottom : 0px;margin-bottom : 0px;padding-left : 0px;}<\/style><\/div>","protected":false},"excerpt":{"rendered":"","protected":false},"author":1,"featured_media":0,"parent":0,"menu_order":0,"comment_status":"closed","ping_status":"closed","template":"","meta":{"footnotes":""},"class_list":["post-444","page","type-page","status-publish","hentry"],"_links":{"self":[{"href":"https:\/\/prcfutaleufu.cl\/en\/wp-json\/wp\/v2\/pages\/444","targetHints":{"allow":["GET"]}}],"collection":[{"href":"https:\/\/prcfutaleufu.cl\/en\/wp-json\/wp\/v2\/pages"}],"about":[{"href":"https:\/\/prcfutaleufu.cl\/en\/wp-json\/wp\/v2\/types\/page"}],"author":[{"embeddable":true,"href":"https:\/\/prcfutaleufu.cl\/en\/wp-json\/wp\/v2\/users\/1"}],"replies":[{"embeddable":true,"href":"https:\/\/prcfutaleufu.cl\/en\/wp-json\/wp\/v2\/comments?post=444"}],"version-history":[{"count":5,"href":"https:\/\/prcfutaleufu.cl\/en\/wp-json\/wp\/v2\/pages\/444\/revisions"}],"predecessor-version":[{"id":456,"href":"https:\/\/prcfutaleufu.cl\/en\/wp-json\/wp\/v2\/pages\/444\/revisions\/456"}],"wp:attachment":[{"href":"https:\/\/prcfutaleufu.cl\/en\/wp-json\/wp\/v2\/media?parent=444"}],"curies":[{"name":"wp","href":"https:\/\/api.w.org\/{rel}","templated":true}]}}