{"id":307,"date":"2021-05-12T12:01:33","date_gmt":"2021-05-12T12:01:33","guid":{"rendered":"https:\/\/prcfutaleufu.cl\/?page_id=307"},"modified":"2021-05-13T08:21:29","modified_gmt":"2021-05-13T08:21:29","slug":"ya-hay-fecha-para-las-primeras-actividades-de-participacion-ciudadana-del-plan-regulador-comunal-futaleufu","status":"publish","type":"page","link":"https:\/\/prcfutaleufu.cl\/en\/ya-hay-fecha-para-las-primeras-actividades-de-participacion-ciudadana-del-plan-regulador-comunal-futaleufu\/","title":{"rendered":"Ya hay fecha para las primeras actividades de participaci\u00f3n ciudadana del plan regulador comunal Futaleuf\u00fa"},"content":{"rendered":"<div class=\"fusion-fullwidth fullwidth-box fusion-builder-row-1 fusion-flex-container nonhundred-percent-fullwidth non-hundred-percent-height-scrolling\" style=\"background-color: rgba(255,255,255,0);background-position: center center;background-repeat: no-repeat;border-width: 0px 0px 0px 0px;border-color:#e2e2e2;border-style:solid;\" ><div class=\"fusion-builder-row fusion-row fusion-flex-align-items-flex-start\" style=\"max-width:1248px;margin-left: calc(-4% \/ 2 );margin-right: calc(-4% \/ 2 );\"><div class=\"fusion-layout-column fusion_builder_column fusion-builder-column-0 fusion_builder_column_1_1 1_1 fusion-flex-column\"><div class=\"fusion-column-wrapper fusion-flex-justify-content-flex-start fusion-content-layout-column\" style=\"background-position:left top;background-repeat:no-repeat;-webkit-background-size:cover;-moz-background-size:cover;-o-background-size:cover;background-size:cover;padding: 0px 0px 0px 0px;\"><div class=\"fusion-text fusion-text-1\"><h2 class=\"titulo-single\">Ya hay fecha para las primeras actividades de participaci\u00f3n ciudadana del plan regulador comunal Futaleuf\u00fa<\/h2>\n<\/div><div class=\"fusion-separator\" style=\"align-self: flex-start;margin-right:auto;margin-bottom:40px;width:100%;max-width:50%;\"><div class=\"fusion-separator-border sep-single sep-solid\" style=\"border-color:#6ec1e4;border-top-width:2px;\"><\/div><\/div><div class=\"fusion-separator\" style=\"align-self: flex-start;margin-right:auto;margin-bottom:40px;width:100%;max-width:50%;\"><\/div><div class=\"fusion-text fusion-text-2\"><p style=\"text-align: justify;\">La empresa consultora COREAL DESARROLLOS TECNOL\u00d3GICOS SPA, en conjunto con la ILUSTRE MUNICIPALIDAD DE FUTALEUF\u00da, han fijado las fechas del 24\/05 , 25\/05 y 26\/05 para las primeras actividades de participaci\u00f3n activa ciudadana del \u201cEstudio an\u00e1lisis Plan Regulador Comunal Futaleuf\u00fa\u201d.<\/p>\n<p style=\"text-align: justify;\">Este estudio pretende lograr el \u201cordenar territorialmente las diversas actividades de car\u00e1cter urbano presentes en la localidad de Futaleuf\u00fa\u201d. En este sentido, se resalta la importancia de la opini\u00f3n ciudadana a lo largo de todo el proceso, en donde se prev\u00e9n la realizaci\u00f3n de 8 talleres participativos, adem\u00e1s de entrevistas y encuestas.<\/p>\n<p style=\"text-align: justify;\">Dada la situaci\u00f3n sanitaria actual, los cupos para participaci\u00f3n son limitados. Es por ello que<\/p>\n<p style=\"text-align: justify;\">los organizadores contactar\u00e1n a los principales referentes de organizaciones institucionales, empresariales y sociales de Futaleuf\u00fa para acudir al evento.<\/p>\n<p style=\"text-align: justify;\">De todas formas, aquellas personas interesadas en participar, pueden solicitarlo escribiendo un correo a prcfutaleufu@coreal.cl, indicando nombre completo, RUT, tel\u00e9fono de contacto y correo electr\u00f3nico.<\/p>\n<p style=\"text-align: justify;\">Para m\u00e1s informaci\u00f3n, acceda a www.prcfutaleufu.cl<\/p>\n<\/div><div style=\"text-align:center;\"><span class=\"fusion-imageframe imageframe-none imageframe-1 hover-type-none\"><img decoding=\"async\" width=\"724\" height=\"1024\" title=\"Cartel Futaleuf\u00fa_v4_Mesa de trabajo 1\" src=\"https:\/\/prcfutaleufu.cl\/wp-content\/uploads\/2021\/05\/Cartel-Futaleufu_v4_Mesa-de-trabajo-1-724x1024.jpg\" class=\"img-responsive wp-image-339\" srcset=\"https:\/\/prcfutaleufu.cl\/wp-content\/uploads\/2021\/05\/Cartel-Futaleufu_v4_Mesa-de-trabajo-1-200x283.jpg 200w, https:\/\/prcfutaleufu.cl\/wp-content\/uploads\/2021\/05\/Cartel-Futaleufu_v4_Mesa-de-trabajo-1-400x566.jpg 400w, https:\/\/prcfutaleufu.cl\/wp-content\/uploads\/2021\/05\/Cartel-Futaleufu_v4_Mesa-de-trabajo-1-600x848.jpg 600w, https:\/\/prcfutaleufu.cl\/wp-content\/uploads\/2021\/05\/Cartel-Futaleufu_v4_Mesa-de-trabajo-1-800x1131.jpg 800w, https:\/\/prcfutaleufu.cl\/wp-content\/uploads\/2021\/05\/Cartel-Futaleufu_v4_Mesa-de-trabajo-1-1200x1697.jpg 1200w, https:\/\/prcfutaleufu.cl\/wp-content\/uploads\/2021\/05\/Cartel-Futaleufu_v4_Mesa-de-trabajo-1-scaled.jpg 1811w\" sizes=\"(max-width: 640px) 100vw, 1200px\" \/><\/span><\/div><\/div><style type=\"text\/css\">.fusion-body .fusion-builder-column-0{width:100% !important;margin-top : 0px;margin-bottom : 0px;}.fusion-builder-column-0 > .fusion-column-wrapper {padding-top : 0px !important;padding-right : 0px !important;margin-right : 1.92%;padding-bottom : 0px !important;padding-left : 0px !important;margin-left : 1.92%;}@media only screen and (max-width:1024px) {.fusion-body .fusion-builder-column-0{width:100% !important;order : 0;}.fusion-builder-column-0 > .fusion-column-wrapper {margin-right : 1.92%;margin-left : 1.92%;}}@media only screen and (max-width:640px) {.fusion-body .fusion-builder-column-0{width:100% !important;order : 0;}.fusion-builder-column-0 > .fusion-column-wrapper {margin-right : 1.92%;margin-left : 1.92%;}}<\/style><\/div><\/div><style type=\"text\/css\">.fusion-body .fusion-flex-container.fusion-builder-row-1{ padding-top : 0px;margin-top : 0px;padding-right : 0px;padding-bottom : 0px;margin-bottom : 0px;padding-left : 0px;}<\/style><\/div>","protected":false},"excerpt":{"rendered":"","protected":false},"author":1,"featured_media":0,"parent":0,"menu_order":0,"comment_status":"closed","ping_status":"closed","template":"","meta":{"footnotes":""},"class_list":["post-307","page","type-page","status-publish","hentry"],"_links":{"self":[{"href":"https:\/\/prcfutaleufu.cl\/en\/wp-json\/wp\/v2\/pages\/307","targetHints":{"allow":["GET"]}}],"collection":[{"href":"https:\/\/prcfutaleufu.cl\/en\/wp-json\/wp\/v2\/pages"}],"about":[{"href":"https:\/\/prcfutaleufu.cl\/en\/wp-json\/wp\/v2\/types\/page"}],"author":[{"embeddable":true,"href":"https:\/\/prcfutaleufu.cl\/en\/wp-json\/wp\/v2\/users\/1"}],"replies":[{"embeddable":true,"href":"https:\/\/prcfutaleufu.cl\/en\/wp-json\/wp\/v2\/comments?post=307"}],"version-history":[{"count":8,"href":"https:\/\/prcfutaleufu.cl\/en\/wp-json\/wp\/v2\/pages\/307\/revisions"}],"predecessor-version":[{"id":346,"href":"https:\/\/prcfutaleufu.cl\/en\/wp-json\/wp\/v2\/pages\/307\/revisions\/346"}],"wp:attachment":[{"href":"https:\/\/prcfutaleufu.cl\/en\/wp-json\/wp\/v2\/media?parent=307"}],"curies":[{"name":"wp","href":"https:\/\/api.w.org\/{rel}","templated":true}]}}