{"id":301,"date":"2021-05-12T11:51:32","date_gmt":"2021-05-12T11:51:32","guid":{"rendered":"https:\/\/prcfutaleufu.cl\/?page_id=301"},"modified":"2021-12-21T09:13:09","modified_gmt":"2021-12-21T09:13:09","slug":"concejo-municipal-se-capacito-en-estudio-de-plan-regulador","status":"publish","type":"page","link":"https:\/\/prcfutaleufu.cl\/en\/concejo-municipal-se-capacito-en-estudio-de-plan-regulador\/","title":{"rendered":"Concejo municipal se capacit\u00f3 en estudio de plan regulador"},"content":{"rendered":"<div class=\"fusion-fullwidth fullwidth-box fusion-builder-row-1 fusion-flex-container nonhundred-percent-fullwidth non-hundred-percent-height-scrolling\" style=\"background-color: rgba(255,255,255,0);background-position: center center;background-repeat: no-repeat;border-width: 0px 0px 0px 0px;border-color:#e2e2e2;border-style:solid;\" ><div class=\"fusion-builder-row fusion-row fusion-flex-align-items-flex-start\" style=\"max-width:1248px;margin-left: calc(-4% \/ 2 );margin-right: calc(-4% \/ 2 );\"><div class=\"fusion-layout-column fusion_builder_column fusion-builder-column-0 fusion_builder_column_1_1 1_1 fusion-flex-column\"><div class=\"fusion-column-wrapper fusion-flex-justify-content-flex-start fusion-content-layout-column\" style=\"background-position:left top;background-repeat:no-repeat;-webkit-background-size:cover;-moz-background-size:cover;-o-background-size:cover;background-size:cover;padding: 0px 0px 0px 0px;\"><div class=\"fusion-text fusion-text-1\"><h2 class=\"titulo-single\">Concejo Municipal se capacit\u00f3 en estudio de plan regulador<\/h2>\n<\/div><div class=\"fusion-separator\" style=\"align-self: flex-start;margin-right:auto;margin-bottom:40px;width:100%;max-width:50%;\"><div class=\"fusion-separator-border sep-single sep-solid\" style=\"border-color:#6ec1e4;border-top-width:2px;\"><\/div><\/div><div ><span class=\"fusion-imageframe imageframe-none imageframe-1 hover-type-none\"><img decoding=\"async\" width=\"1280\" height=\"958\" title=\"noticia futaleufu_v3\" src=\"https:\/\/prcfutaleufu.cl\/wp-content\/uploads\/2021\/05\/noticia-futaleufu_v3.jpg\" class=\"img-responsive wp-image-302\" srcset=\"https:\/\/prcfutaleufu.cl\/wp-content\/uploads\/2021\/05\/noticia-futaleufu_v3-200x150.jpg 200w, https:\/\/prcfutaleufu.cl\/wp-content\/uploads\/2021\/05\/noticia-futaleufu_v3-400x299.jpg 400w, https:\/\/prcfutaleufu.cl\/wp-content\/uploads\/2021\/05\/noticia-futaleufu_v3-600x449.jpg 600w, https:\/\/prcfutaleufu.cl\/wp-content\/uploads\/2021\/05\/noticia-futaleufu_v3-800x599.jpg 800w, https:\/\/prcfutaleufu.cl\/wp-content\/uploads\/2021\/05\/noticia-futaleufu_v3-1200x898.jpg 1200w, https:\/\/prcfutaleufu.cl\/wp-content\/uploads\/2021\/05\/noticia-futaleufu_v3.jpg 1280w\" sizes=\"(max-width: 640px) 100vw, 1200px\" \/><\/span><\/div><div class=\"fusion-separator\" style=\"align-self: flex-start;margin-right:auto;margin-bottom:40px;width:100%;max-width:50%;\"><\/div><div class=\"fusion-text fusion-text-2\"><p style=\"text-align: justify;\">Durante la tarde de ayer, mi\u00e9rcoles 21 de abril, en dependencias de la Municipalidad se llev\u00f3 a cabo una jornada de capacitaci\u00f3n al Concejo Municipal para profundizar en el an\u00e1lisis del Estudio del Plan Regulador de la Comuna de Futaleuf\u00fa.<\/p>\n<p style=\"text-align: justify;\">Esta actividad fue realizada de forma presencial con el equipo municipal y de forma online con la empresa consultora COREAL Desarrollos Tecnol\u00f3gicos, la cual est\u00e1 encargada de ejecutar el proyecto junto al equipo municipal de Contraparte T\u00e9cnica.<\/p>\n<p style=\"text-align: justify;\">En esta ocasi\u00f3n se dio a conocer la informaci\u00f3n acerca del proceso de elaboraci\u00f3n del PRC y sus alcances, adem\u00e1s de levantar los antecedentes entregados por los concejales.<\/p>\n<p style=\"text-align: justify;\">Pr\u00f3ximamente van a comenzar las jornadas de participaci\u00f3n ciudadana, las cuales ser\u00e1n informadas a la comunidad con anticipaci\u00f3n, para lo cual se solicita la mayor participaci\u00f3n de nuestros vecinos y vecinas para, de esta forma, tener un Plan Regulador representativo para todas y todos.<\/p>\n<\/div><\/div><style type=\"text\/css\">.fusion-body .fusion-builder-column-0{width:100% !important;margin-top : 0px;margin-bottom : 0px;}.fusion-builder-column-0 > .fusion-column-wrapper {padding-top : 0px !important;padding-right : 0px !important;margin-right : 1.92%;padding-bottom : 0px !important;padding-left : 0px !important;margin-left : 1.92%;}@media only screen and (max-width:1024px) {.fusion-body .fusion-builder-column-0{width:100% !important;order : 0;}.fusion-builder-column-0 > .fusion-column-wrapper {margin-right : 1.92%;margin-left : 1.92%;}}@media only screen and (max-width:640px) {.fusion-body .fusion-builder-column-0{width:100% !important;order : 0;}.fusion-builder-column-0 > .fusion-column-wrapper {margin-right : 1.92%;margin-left : 1.92%;}}<\/style><\/div><\/div><style type=\"text\/css\">.fusion-body .fusion-flex-container.fusion-builder-row-1{ padding-top : 0px;margin-top : 0px;padding-right : 0px;padding-bottom : 0px;margin-bottom : 0px;padding-left : 0px;}<\/style><\/div>","protected":false},"excerpt":{"rendered":"","protected":false},"author":1,"featured_media":0,"parent":0,"menu_order":0,"comment_status":"closed","ping_status":"closed","template":"","meta":{"footnotes":""},"class_list":["post-301","page","type-page","status-publish","hentry"],"_links":{"self":[{"href":"https:\/\/prcfutaleufu.cl\/en\/wp-json\/wp\/v2\/pages\/301","targetHints":{"allow":["GET"]}}],"collection":[{"href":"https:\/\/prcfutaleufu.cl\/en\/wp-json\/wp\/v2\/pages"}],"about":[{"href":"https:\/\/prcfutaleufu.cl\/en\/wp-json\/wp\/v2\/types\/page"}],"author":[{"embeddable":true,"href":"https:\/\/prcfutaleufu.cl\/en\/wp-json\/wp\/v2\/users\/1"}],"replies":[{"embeddable":true,"href":"https:\/\/prcfutaleufu.cl\/en\/wp-json\/wp\/v2\/comments?post=301"}],"version-history":[{"count":2,"href":"https:\/\/prcfutaleufu.cl\/en\/wp-json\/wp\/v2\/pages\/301\/revisions"}],"predecessor-version":[{"id":610,"href":"https:\/\/prcfutaleufu.cl\/en\/wp-json\/wp\/v2\/pages\/301\/revisions\/610"}],"wp:attachment":[{"href":"https:\/\/prcfutaleufu.cl\/en\/wp-json\/wp\/v2\/media?parent=301"}],"curies":[{"name":"wp","href":"https:\/\/api.w.org\/{rel}","templated":true}]}}