{"id":291,"date":"2021-05-12T10:40:29","date_gmt":"2021-05-12T10:40:29","guid":{"rendered":"https:\/\/prcfutaleufu.cl\/?page_id=291"},"modified":"2021-05-12T10:40:29","modified_gmt":"2021-05-12T10:40:29","slug":"municipio-ya-trabaja-en-el-nuevo-plan-regulador-para-futaleufu","status":"publish","type":"page","link":"https:\/\/prcfutaleufu.cl\/en\/municipio-ya-trabaja-en-el-nuevo-plan-regulador-para-futaleufu\/","title":{"rendered":"Municipio ya trabaja en el nuevo plan regulador para Futaleuf\u00fa"},"content":{"rendered":"<div class=\"fusion-fullwidth fullwidth-box fusion-builder-row-1 fusion-flex-container nonhundred-percent-fullwidth non-hundred-percent-height-scrolling\" style=\"background-color: rgba(255,255,255,0);background-position: center center;background-repeat: no-repeat;border-width: 0px 0px 0px 0px;border-color:#e2e2e2;border-style:solid;\" ><div class=\"fusion-builder-row fusion-row fusion-flex-align-items-flex-start\" style=\"max-width:1248px;margin-left: calc(-4% \/ 2 );margin-right: calc(-4% \/ 2 );\"><div class=\"fusion-layout-column fusion_builder_column fusion-builder-column-0 fusion_builder_column_1_1 1_1 fusion-flex-column\"><div class=\"fusion-column-wrapper fusion-flex-justify-content-flex-start fusion-content-layout-column\" style=\"background-position:left top;background-repeat:no-repeat;-webkit-background-size:cover;-moz-background-size:cover;-o-background-size:cover;background-size:cover;padding: 0px 0px 0px 0px;\"><div class=\"fusion-text fusion-text-1\"><h2 class=\"titulo-single\">Municipio ya trabaja en el nuevo plan regulador para Futaleuf\u00fa<\/h2>\n<\/div><div class=\"fusion-separator\" style=\"align-self: flex-start;margin-right:auto;margin-bottom:40px;width:100%;max-width:50%;\"><div class=\"fusion-separator-border sep-single sep-solid\" style=\"border-color:#6ec1e4;border-top-width:2px;\"><\/div><\/div><div ><span class=\"fusion-imageframe imageframe-none imageframe-1 hover-type-none\"><img decoding=\"async\" width=\"2048\" height=\"1152\" title=\"noticia futaleufu_v2\" src=\"https:\/\/prcfutaleufu.cl\/wp-content\/uploads\/2021\/05\/noticia-futaleufu_v2.jpg\" class=\"img-responsive wp-image-292\" srcset=\"https:\/\/prcfutaleufu.cl\/wp-content\/uploads\/2021\/05\/noticia-futaleufu_v2-200x113.jpg 200w, https:\/\/prcfutaleufu.cl\/wp-content\/uploads\/2021\/05\/noticia-futaleufu_v2-400x225.jpg 400w, https:\/\/prcfutaleufu.cl\/wp-content\/uploads\/2021\/05\/noticia-futaleufu_v2-600x338.jpg 600w, https:\/\/prcfutaleufu.cl\/wp-content\/uploads\/2021\/05\/noticia-futaleufu_v2-800x450.jpg 800w, https:\/\/prcfutaleufu.cl\/wp-content\/uploads\/2021\/05\/noticia-futaleufu_v2-1200x675.jpg 1200w, https:\/\/prcfutaleufu.cl\/wp-content\/uploads\/2021\/05\/noticia-futaleufu_v2.jpg 2048w\" sizes=\"(max-width: 640px) 100vw, 1200px\" \/><\/span><\/div><div class=\"fusion-separator\" style=\"align-self: flex-start;margin-right:auto;margin-bottom:40px;width:100%;max-width:50%;\"><\/div><div class=\"fusion-text fusion-text-2\"><p style=\"text-align: justify;\">La I. Municipalidad de Futaleuf\u00fa, desde mediados del mes de marzo, trabaja en la ejecuci\u00f3n del Proyecto \u201cAn\u00e1lisis Estudio Plan Regulador Comuna de Futaleuf\u00fa\u201d, cuyo objetivo es formular el Plan Regulador Comunal (PRC) de Futaleuf\u00fa. El PRC es un instrumento de planificaci\u00f3n territorial que contiene un conjunto de disposiciones sobre adecuadas condiciones de edificaci\u00f3n, y espacios urbanos y de comodidad en la relaci\u00f3n funcional entre las zonas habitacionales, de trabajo, equipamiento y esparcimiento (Art\u00edculo 41 LGUC). Esta es una iniciativa largamente esperada por nuestros vecinos y vecinas y que va a contribuir directamente a mejorar la calidad de vida de nuestra comunidad. La ejecuci\u00f3n del Proyecto que dar\u00e1 como resultado nuestro PRC, est\u00e1 a cargo de la empresa COREAL DESARROLLOS TECNOL\u00d3GICOS SPA, la cual tiene amplia experiencia en el desarrollo de este tipo de Instrumentos de Ordenamiento Territorial, la contraparte t\u00e9cnica municipal corresponde a Eduardo Pe\u00f1a M\u00fcnzenmayer, profesional dependiente de SECPLAN. El contar con un PRC permitir\u00e1 ordenar territorialmente las diversas actividades de car\u00e1cter urbano presentes en las localidades de Futaleuf\u00fa, con la finalidad de cautelar la seguridad de sus habitantes, minimizar las externalidades negativas que se producen en dichos asentamientos urbanos, racionalizar el uso del equipamiento urbano presente en ellos y propender en general a mitigar los conflictos urbanos producidos por los diferentes usos de suelo y de esta manera poder planificar proyectando el futuro. El Plan Regulador tiene que responder a las nuevas<\/p>\n<p style=\"text-align: justify;\">necesidades de los habitantes de Futaleuf\u00fa. El Plan de Trabajo consta de diferentes etapas a llevar a cabo en un lapso de tiempo de 495 d\u00edas, entre las cuales destaca diferentes instancias de Participaci\u00f3n Ciudadana, elaboraci\u00f3n de diferentes estudios t\u00e9cnicos, entre ellos Capacidad Vial, Equipamiento Comunal, Riesgos, as\u00ed como un proceso de Evaluaci\u00f3n Ambiental Estrat\u00e9gica (EAE), la cual busca promover y acompa\u00f1ar, desde sus primeros pasos, la incorporaci\u00f3n de consideraciones ambientales en la elaboraci\u00f3n de Pol\u00edticas P\u00fablicas y Planes con miras a impulsar la planificaci\u00f3n sustentable en el pa\u00eds. Para que nuestro PRC tenga legitimidad y sea representativo, es fundamental la participaci\u00f3n activa y temprana de toda la comunidad en las diferentes actividades que se van a realizar y las cuales se van a dar a conocer con anticipaci\u00f3n a trav\u00e9s de diferentes medios de comunicaci\u00f3n.<\/p>\n<p style=\"text-align: justify;\">\u00a1Es deber de todos reflexionar sobre c\u00f3mo anhelamos que nuestra comuna se desarrolle!<\/p>\n<\/div><\/div><style type=\"text\/css\">.fusion-body .fusion-builder-column-0{width:100% !important;margin-top : 0px;margin-bottom : 0px;}.fusion-builder-column-0 > .fusion-column-wrapper {padding-top : 0px !important;padding-right : 0px !important;margin-right : 1.92%;padding-bottom : 0px !important;padding-left : 0px !important;margin-left : 1.92%;}@media only screen and (max-width:1024px) {.fusion-body .fusion-builder-column-0{width:100% !important;order : 0;}.fusion-builder-column-0 > .fusion-column-wrapper {margin-right : 1.92%;margin-left : 1.92%;}}@media only screen and (max-width:640px) {.fusion-body .fusion-builder-column-0{width:100% !important;order : 0;}.fusion-builder-column-0 > .fusion-column-wrapper {margin-right : 1.92%;margin-left : 1.92%;}}<\/style><\/div><\/div><style type=\"text\/css\">.fusion-body .fusion-flex-container.fusion-builder-row-1{ padding-top : 0px;margin-top : 0px;padding-right : 0px;padding-bottom : 0px;margin-bottom : 0px;padding-left : 0px;}<\/style><\/div>","protected":false},"excerpt":{"rendered":"","protected":false},"author":1,"featured_media":0,"parent":0,"menu_order":0,"comment_status":"closed","ping_status":"closed","template":"","meta":{"footnotes":""},"class_list":["post-291","page","type-page","status-publish","hentry"],"_links":{"self":[{"href":"https:\/\/prcfutaleufu.cl\/en\/wp-json\/wp\/v2\/pages\/291","targetHints":{"allow":["GET"]}}],"collection":[{"href":"https:\/\/prcfutaleufu.cl\/en\/wp-json\/wp\/v2\/pages"}],"about":[{"href":"https:\/\/prcfutaleufu.cl\/en\/wp-json\/wp\/v2\/types\/page"}],"author":[{"embeddable":true,"href":"https:\/\/prcfutaleufu.cl\/en\/wp-json\/wp\/v2\/users\/1"}],"replies":[{"embeddable":true,"href":"https:\/\/prcfutaleufu.cl\/en\/wp-json\/wp\/v2\/comments?post=291"}],"version-history":[{"count":1,"href":"https:\/\/prcfutaleufu.cl\/en\/wp-json\/wp\/v2\/pages\/291\/revisions"}],"predecessor-version":[{"id":293,"href":"https:\/\/prcfutaleufu.cl\/en\/wp-json\/wp\/v2\/pages\/291\/revisions\/293"}],"wp:attachment":[{"href":"https:\/\/prcfutaleufu.cl\/en\/wp-json\/wp\/v2\/media?parent=291"}],"curies":[{"name":"wp","href":"https:\/\/api.w.org\/{rel}","templated":true}]}}